{"id":1009,"date":"2026-02-11T16:52:44","date_gmt":"2026-02-11T16:52:44","guid":{"rendered":"https:\/\/nolyshop.ch\/?page_id=1009"},"modified":"2026-02-11T17:06:51","modified_gmt":"2026-02-11T17:06:51","slug":"politica-dei-cookie","status":"publish","type":"page","link":"https:\/\/nolyshop.ch\/it\/politique-de-cookies\/","title":{"rendered":"Informativa sui cookie"},"content":{"rendered":"<div data-elementor-type=\"wp-page\" data-elementor-id=\"1009\" class=\"elementor elementor-1009\" data-elementor-post-type=\"page\">\n\t\t\t\t<div class=\"elementor-element elementor-element-e56188f e-flex e-con-boxed e-con e-parent\" data-id=\"e56188f\" data-element_type=\"container\" data-e-type=\"container\">\n\t\t\t\t\t<div class=\"e-con-inner\">\n\t\t\t\t<div class=\"elementor-element elementor-element-867a9d6 elementor-widget elementor-widget-html\" data-id=\"867a9d6\" data-element_type=\"widget\" data-e-type=\"widget\" data-widget_type=\"html.default\">\n\t\t\t\t\t<style>\r\n.noly-cookie-wrapper{\r\n  max-width:1100px;\r\n  margin:auto;\r\n  padding:80px 20px;\r\n  font-family:inherit;\r\n  color:#1f2937;\r\n}\r\n\r\n.noly-cookie-hero{\r\n  text-align:center;\r\n  margin-bottom:80px;\r\n}\r\n\r\n.noly-badge{\r\n  display:inline-block;\r\n  background:#E6F7F6;\r\n  color:#00A19B;\r\n  padding:8px 18px;\r\n  border-radius:50px;\r\n  font-size:14px;\r\n  margin-bottom:25px;\r\n}\r\n\r\n.noly-cookie-hero h1{\r\n  font-size:48px;\r\n  margin-bottom:15px;\r\n}\r\n\r\n.noly-cookie-hero p{\r\n  color:#6b7280;\r\n  font-size:18px;\r\n}\r\n\r\n.noly-section{\r\n  margin-bottom:80px;\r\n}\r\n\r\n.noly-card{\r\n  background:#f9fafb;\r\n  padding:40px;\r\n  border-radius:20px;\r\n  margin-top:30px;\r\n  border-left:5px solid #00A19B;\r\n}\r\n\r\n.noly-card h3{\r\n  margin-bottom:15px;\r\n  color:#00A19B;\r\n}\r\n\r\n.noly-list{\r\n  margin-top:20px;\r\n  padding-left:20px;\r\n}\r\n\r\n.noly-list li{\r\n  margin-bottom:10px;\r\n}\r\n\r\n.noly-table{\r\n  width:100%;\r\n  border-collapse:collapse;\r\n  margin-top:30px;\r\n}\r\n\r\n.noly-table th{\r\n  background:#f3f4f6;\r\n  padding:15px;\r\n  text-align:left;\r\n  color:#00A19B;\r\n}\r\n\r\n.noly-table td{\r\n  padding:15px;\r\n  border-top:1px solid #e5e7eb;\r\n}\r\n\r\n.noly-cta{\r\n  text-align:center;\r\n  background:#f9fafb;\r\n  padding:60px 30px;\r\n  border-radius:25px;\r\n}\r\n\r\n.noly-btn{\r\n  display:inline-block;\r\n  background:#00A19B;\r\n  color:white;\r\n  padding:14px 30px;\r\n  border-radius:12px;\r\n  text-decoration:none;\r\n  font-weight:600;\r\n  margin:10px;\r\n  transition:0.3s;\r\n}\r\n\r\n.noly-btn:hover{\r\n  background:#008f8a;\r\n  color:white;\r\n}\r\n\r\n@media(max-width:768px){\r\n  .noly-cookie-hero h1{\r\n    font-size:32px;\r\n  }\r\n}\r\n<\/style>\r\n\r\n<div class=\"noly-cookie-wrapper\">\r\n\r\n  <!-- HERO -->\r\n  <div class=\"noly-cookie-hero\">\r\n    <div class=\"noly-badge\">\ud83c\udf6a Trasparenza totale<\/div>\r\n    <h1>Politica sui cookie<\/h1>\r\n    <p>Capire e controllare i cookie utilizzati su nolyshop.ch<\/p>\r\n    <p style=\"font-size:14px;margin-top:10px;color:#9ca3af;\">Ultimo aggiornamento: 11 febbraio 2026<\/p>\r\n  <\/div>\r\n\r\n  <!-- INTRO -->\r\n  <div class=\"noly-section\">\r\n    <div class=\"noly-card\">\r\n      <h3>Che cos'\u00e8 un biscotto?<\/h3>\r\n      <p>Un cookie \u00e8 un piccolo file di testo memorizzato sul vostro dispositivo quando visitate un sito web. Viene utilizzato per memorizzare informazioni quali la lingua, il carrello o le preferenze dell'utente.<\/p>\r\n      <p>Alcuni cookie sono essenziali per il funzionamento del sito, mentre altri richiedono il vostro consenso.<\/p>\r\n    <\/div>\r\n  <\/div>\r\n\r\n  <!-- TYPES DE COOKIES -->\r\n  <div class=\"noly-section\">\r\n    <h2 style=\"margin-bottom:20px;\">Tipi di cookie utilizzati<\/h2>\r\n\r\n    <div class=\"noly-card\">\r\n      <h3>Cookie strettamente necessari<\/h3>\r\n      <ul class=\"noly-list\">\r\n        <li>Cestino della spesa<\/li>\r\n        <li>Autenticazione<\/li>\r\n        <li>Sicurezza<\/li>\r\n        <li>Preferenze di consenso<\/li>\r\n      <\/ul>\r\n      <p><strong>Durata :<\/strong> Sessione fino a 12 mesi<\/p>\r\n    <\/div>\r\n\r\n    <div class=\"noly-card\">\r\n      <h3>Cookie di prestazione<\/h3>\r\n      <ul class=\"noly-list\">\r\n        <li>Google Analytics<\/li>\r\n        <li>Analisi del traffico<\/li>\r\n        <li>Ottimizzazione UX<\/li>\r\n      <\/ul>\r\n      <p><strong>Durata :<\/strong> 13 mesi al massimo<\/p>\r\n    <\/div>\r\n\r\n    <div class=\"noly-card\">\r\n      <h3>Cookie funzionali<\/h3>\r\n      <ul class=\"noly-list\">\r\n        <li>Lingua<\/li>\r\n        <li>Valuta<\/li>\r\n        <li>I preferiti<\/li>\r\n      <\/ul>\r\n      <p><strong>Durata :<\/strong> 12 mesi al massimo<\/p>\r\n    <\/div>\r\n\r\n    <div class=\"noly-card\">\r\n      <h3>Cookie pubblicitari<\/h3>\r\n      <ul class=\"noly-list\">\r\n        <li>Annunci di Google<\/li>\r\n        <li>Meta Pixel<\/li>\r\n        <li>Retargeting<\/li>\r\n      <\/ul>\r\n      <p><strong>Durata :<\/strong> 13 mesi al massimo<\/p>\r\n    <\/div>\r\n  <\/div>\r\n\r\n  <!-- TABLEAU -->\r\n  <div class=\"noly-section\">\r\n    <h2>Tabella riassuntiva<\/h2>\r\n\r\n    <table class=\"noly-table\">\r\n      <thead>\r\n        <tr>\r\n          <th>Tipo<\/th>\r\n          <th>Scopo<\/th>\r\n          <th>Consenso<\/th>\r\n          <th>Durata<\/th>\r\n        <\/tr>\r\n      <\/thead>\r\n      <tbody>\r\n        <tr>\r\n          <td>Strettamente necessario<\/td>\r\n          <td>Cestino, sicurezza<\/td>\r\n          <td>Non richiesto<\/td>\r\n          <td>Sessione - 12 mesi<\/td>\r\n        <\/tr>\r\n        <tr>\r\n          <td>Prestazioni<\/td>\r\n          <td>Statistiche<\/td>\r\n          <td>Richiesto<\/td>\r\n          <td>13 mesi<\/td>\r\n        <\/tr>\r\n        <tr>\r\n          <td>Funzionale<\/td>\r\n          <td>Preferenze<\/td>\r\n          <td>Richiesto<\/td>\r\n          <td>12 mesi<\/td>\r\n        <\/tr>\r\n        <tr>\r\n          <td>Pubblicit\u00e0<\/td>\r\n          <td>Marketing<\/td>\r\n          <td>Richiesto<\/td>\r\n          <td>13 mesi<\/td>\r\n        <\/tr>\r\n      <\/tbody>\r\n    <\/table>\r\n  <\/div>\r\n\r\n  <!-- CONTACT -->\r\n  <div class=\"noly-section\">\r\n    <div class=\"noly-card\">\r\n      <h3>Contatto<\/h3>\r\n      <p>Email : <a href=\"mailto:info@noly-distribution.ch\">info@noly-distribution.ch<\/a><\/p>\r\n      \r\n      <p>\r\n        Noly Distribution Sarl<br>\r\n        Haut de la Tour 13<br>\r\n        2127 Les Bayards<br>\r\n        Svizzera\r\n      <\/p>\r\n    <\/div>\r\n  <\/div>\r\n\r\n  \r\n<\/div>\r\n\t\t\t\t<\/div>\n\t\t\t\t\t<\/div>\n\t\t\t\t<\/div>\n\t\t\t\t<\/div>","protected":false},"excerpt":{"rendered":"<p>\ud83c\udf6a Transparence totale Politique de Cookies Comprendre et contr\u00f4ler les cookies utilis\u00e9s sur nolyshop.ch Derni\u00e8re mise \u00e0 jour : 11 f\u00e9vrier 2026 Qu\u2019est-ce qu\u2019un cookie ? Un cookie est un petit fichier texte stock\u00e9 sur votre appareil lorsque vous visitez un site internet. Il permet de m\u00e9moriser certaines informations comme votre langue, votre panier ou [&hellip;]<\/p>\n","protected":false},"author":1,"featured_media":0,"parent":0,"menu_order":0,"comment_status":"closed","ping_status":"closed","template":"elementor_header_footer","meta":{"_et_pb_use_builder":"off","_et_pb_old_content":"","_et_gb_content_width":"","_monsterinsights_skip_tracking":false,"_monsterinsights_sitenote_active":false,"_monsterinsights_sitenote_note":"","_monsterinsights_sitenote_category":0,"_uf_show_specific_survey":0,"_uf_disable_surveys":false,"footnotes":""},"class_list":["post-1009","page","type-page","status-publish","hentry"],"jetpack_sharing_enabled":true,"_links":{"self":[{"href":"https:\/\/nolyshop.ch\/it\/wp-json\/wp\/v2\/pages\/1009","targetHints":{"allow":["GET"]}}],"collection":[{"href":"https:\/\/nolyshop.ch\/it\/wp-json\/wp\/v2\/pages"}],"about":[{"href":"https:\/\/nolyshop.ch\/it\/wp-json\/wp\/v2\/types\/page"}],"author":[{"embeddable":true,"href":"https:\/\/nolyshop.ch\/it\/wp-json\/wp\/v2\/users\/1"}],"replies":[{"embeddable":true,"href":"https:\/\/nolyshop.ch\/it\/wp-json\/wp\/v2\/comments?post=1009"}],"version-history":[{"count":4,"href":"https:\/\/nolyshop.ch\/it\/wp-json\/wp\/v2\/pages\/1009\/revisions"}],"predecessor-version":[{"id":1026,"href":"https:\/\/nolyshop.ch\/it\/wp-json\/wp\/v2\/pages\/1009\/revisions\/1026"}],"wp:attachment":[{"href":"https:\/\/nolyshop.ch\/it\/wp-json\/wp\/v2\/media?parent=1009"}],"curies":[{"name":"wp","href":"https:\/\/api.w.org\/{rel}","templated":true}]}}