{"id":923,"date":"2026-02-11T14:58:10","date_gmt":"2026-02-11T14:58:10","guid":{"rendered":"https:\/\/nolyshop.ch\/?page_id=923"},"modified":"2026-02-11T16:16:25","modified_gmt":"2026-02-11T16:16:25","slug":"informazioni-legali","status":"publish","type":"page","link":"https:\/\/nolyshop.ch\/it\/mentions-legales\/","title":{"rendered":"Informazioni legali"},"content":{"rendered":"<div data-elementor-type=\"wp-page\" data-elementor-id=\"923\" class=\"elementor elementor-923\" data-elementor-post-type=\"page\">\n\t\t\t\t<div class=\"elementor-element elementor-element-4b71e22 e-flex e-con-boxed e-con e-parent\" data-id=\"4b71e22\" data-element_type=\"container\" data-e-type=\"container\">\n\t\t\t\t\t<div class=\"e-con-inner\">\n\t\t\t\t<div class=\"elementor-element elementor-element-e8a0624 elementor-widget elementor-widget-html\" data-id=\"e8a0624\" data-element_type=\"widget\" data-e-type=\"widget\" data-widget_type=\"html.default\">\n\t\t\t\t\t<style>\r\n.noly-legal {\r\n  font-family: inherit;\r\n  background: #ffffff;\r\n  color: #1f2937;\r\n}\r\n\r\n.noly-legal-container {\r\n  max-width: 900px;\r\n  margin: auto;\r\n  padding: 0 20px;\r\n}\r\n\r\n\/* HERO *\/\r\n.noly-legal-hero {\r\n  padding: 140px 20px 80px;\r\n  background: linear-gradient(to bottom right, #ffffff, #f9fafb, #ffffff);\r\n  text-align: center;\r\n}\r\n\r\n.noly-badge {\r\n  display: inline-flex;\r\n  align-items: center;\r\n  gap: 8px;\r\n  background: #E6F7F6;\r\n  color: #00A19B;\r\n  padding: 8px 16px;\r\n  border-radius: 999px;\r\n  font-size: 14px;\r\n  margin-bottom: 25px;\r\n}\r\n\r\n.noly-legal h1 {\r\n  font-size: 52px;\r\n  margin-bottom: 15px;\r\n}\r\n\r\n.noly-legal h2 {\r\n  font-size: 28px;\r\n  margin-bottom: 20px;\r\n}\r\n\r\n.noly-legal h3 {\r\n  font-size: 20px;\r\n  margin-bottom: 15px;\r\n  color: #00A19B;\r\n}\r\n\r\n.noly-section {\r\n  padding: 60px 0;\r\n  border-bottom: 1px solid #e5e7eb;\r\n}\r\n\r\n.noly-box {\r\n  background: #f9fafb;\r\n  padding: 30px;\r\n  border-radius: 16px;\r\n}\r\n\r\n.noly-highlight-blue {\r\n  background: #eff6ff;\r\n  border-left: 4px solid #3b82f6;\r\n  padding: 25px;\r\n  border-radius: 12px;\r\n}\r\n\r\n.noly-highlight-yellow {\r\n  background: #fffbeb;\r\n  border-left: 4px solid #facc15;\r\n  padding: 25px;\r\n  border-radius: 12px;\r\n}\r\n\r\n.noly-highlight-green {\r\n  background: #ecfdf5;\r\n  border-left: 4px solid #22c55e;\r\n  padding: 25px;\r\n  border-radius: 12px;\r\n}\r\n\r\n.noly-highlight-red {\r\n  background: #fef2f2;\r\n  border-left: 4px solid #ef4444;\r\n  padding: 25px;\r\n  border-radius: 12px;\r\n}\r\n\r\n.noly-list {\r\n  margin-left: 20px;\r\n}\r\n\r\n.noly-list li {\r\n  margin-bottom: 10px;\r\n}\r\n\r\n.noly-cta {\r\n  text-align: center;\r\n  padding: 80px 20px;\r\n  background: linear-gradient(to bottom right, #f9fafb, #ffffff);\r\n}\r\n\r\n.noly-btn {\r\n  display: inline-block;\r\n  padding: 16px 40px;\r\n  background: #00A19B;\r\n  color: white;\r\n  border-radius: 12px;\r\n  text-decoration: none;\r\n  font-weight: 500;\r\n  transition: 0.3s ease;\r\n}\r\n\r\n.noly-btn:hover {\r\n  transform: scale(1.05);\r\n  box-shadow: 0 10px 25px rgba(0,0,0,0.15);\r\n}\r\n\r\n@media(max-width:768px){\r\n  .noly-legal h1 { font-size: 36px; }\r\n}\r\n<\/style>\r\n\r\n\r\n<section class=\"noly-legal\">\r\n\r\n  <!-- HERO -->\r\n  <div class=\"noly-legal-hero\">\r\n    <div class=\"noly-legal-container\">\r\n      <div class=\"noly-badge\">\r\n        \u2696 Informazioni legali\r\n      <\/div>\r\n      <h1>Informazioni legali<\/h1>\r\n      <p style=\"color:#6b7280;\">Ultimo aggiornamento : Febbraio 2026<\/p>\r\n    <\/div>\r\n  <\/div>\r\n\r\n\r\n  <div class=\"noly-legal-container\">\r\n\r\n    <!-- 1 -->\r\n    <div class=\"noly-section\">\r\n      <h2>1. Editor del sito<\/h2>\r\n\r\n      <div class=\"noly-box\">\r\n        <p><strong>Nome della societ\u00e0 :<\/strong> Noly Distribution Sarl<\/p>\r\n        <p><strong>Sede legale:<\/strong><br>\r\n        Haut de la Tour 13<br>\r\n        2127 Les Bayards<br>\r\n        Svizzera<\/p>\r\n\r\n        <p><strong>Registro commerciale :<\/strong> CH-645.4.125.860-7<\/p>\r\n        <p><strong>IVA :<\/strong> CHE-XXX.XXX.XXX IVA<\/p>\r\n        <p><strong>Email :<\/strong> <a href=\"mailto:info@noly-distribution.ch\" style=\"color:#00A19B;\">info@noly-distribution.ch<\/a><\/p>\r\n        <p><strong>Dominio:<\/strong> nolyshop.ch<\/p>\r\n      <\/div>\r\n    <\/div>\r\n\r\n    <!-- 4 PROPRIETE -->\r\n    <div class=\"noly-section\">\r\n      <h2>4. Diritti di propriet\u00e0 intellettuale<\/h2>\r\n\r\n      <p>L'intero contenuto del sito \u00e8 di propriet\u00e0 esclusiva di <strong>Noly Distribution Sarl<\/strong>.<\/p>\r\n\r\n      <div class=\"noly-highlight-blue\" style=\"margin-top:25px;\">\r\n        <strong>Marchi di fabbrica<\/strong>\r\n        <p>I marchi \u00abNolyweed\u00bb e \u00abNolyshop\u00bb sono protetti. \u00c8 vietato qualsiasi uso non autorizzato.<\/p>\r\n      <\/div>\r\n    <\/div>\r\n\r\n    <!-- RGPD -->\r\n    <div class=\"noly-section\">\r\n      <h2>5. Protezione dei dati personali<\/h2>\r\n\r\n      <p>In conformit\u00e0 al RGPD e alla legge svizzera sulla protezione dei dati personali, proteggiamo i vostri dati personali.<\/p>\r\n\r\n      <h3>5.2 Dati raccolti<\/h3>\r\n      <ul class=\"noly-list\">\r\n        <li>Cognome, nome<\/li>\r\n        <li>Email, telefono<\/li>\r\n        <li>Cronologia degli ordini<\/li>\r\n        <li>Dati di connessione<\/li>\r\n      <\/ul>\r\n\r\n      <h3>5.4 I vostri diritti<\/h3>\r\n      <ul class=\"noly-list\">\r\n        <li>Diritto di accesso<\/li>\r\n        <li>Diritto di rettifica<\/li>\r\n        <li>Diritto alla cancellazione<\/li>\r\n        <li>Diritto di opposizione<\/li>\r\n      <\/ul>\r\n\r\n      <div class=\"noly-highlight-yellow\" style=\"margin-top:25px;\">\r\n        <strong>Rivendicazioni<\/strong>\r\n        <p>Se necessario, potete contattare l'FDPIC in Svizzera.<\/p>\r\n      <\/div>\r\n    <\/div>\r\n\r\n    <!-- CBD -->\r\n    <div class=\"noly-section\">\r\n      <h2>9. Legislazione sulla CBD<\/h2>\r\n\r\n      <ul class=\"noly-list\">\r\n        <li>Legge federale sugli stupefacenti (LStup)<\/li>\r\n        <li>Ordinanza del DFI<\/li>\r\n        <li>LDAl<\/li>\r\n      <\/ul>\r\n\r\n      <div class=\"noly-highlight-green\" style=\"margin-top:25px;\">\r\n        <strong>Livelli di THC conformi<\/strong>\r\n        <p>I nostri prodotti contengono meno di 1% di THC, in conformit\u00e0 alle normative svizzere.<\/p>\r\n      <\/div>\r\n\r\n      <div class=\"noly-highlight-red\" style=\"margin-top:25px;\">\r\n        <strong>Riservato agli adulti<\/strong>\r\n        <p>Non vendibile ai minori di 18 anni.<\/p>\r\n      <\/div>\r\n    <\/div>\r\n\r\n  <\/div>\r\n\r\n\r\n  <!-- CTA -->\r\n  <div class=\"noly-cta\">\r\n    <div class=\"noly-legal-container\">\r\n      <h2>Avete domande sui nostri avvisi legali?<\/h2>\r\n      <p style=\"color:#6b7280;margin-bottom:30px;\">\r\n        Il nostro team \u00e8 a vostra disposizione.\r\n      <\/p>\r\n      <a href=\"https:\/\/nolyshop.ch\/it\/contatto\/\" class=\"noly-btn\">\r\n        Contattateci\r\n      <\/a>\r\n    <\/div>\r\n  <\/div>\r\n\r\n<\/section>\r\n\t\t\t\t<\/div>\n\t\t\t\t\t<\/div>\n\t\t\t\t<\/div>\n\t\t\t\t<\/div>","protected":false},"excerpt":{"rendered":"<p>\u2696 Informations l\u00e9gales Mentions l\u00e9gales Derni\u00e8re mise \u00e0 jour : F\u00e9vrier 2026 1. \u00c9diteur du site Raison sociale : Noly Distribution Sarl Si\u00e8ge social : Haut de la Tour 13 2127 Les Bayards Suisse Registre du commerce : CH-645.4.125.860-7 TVA : CHE-XXX.XXX.XXX TVA Email : info@noly-distribution.ch Domaine : nolyshop.ch 4. Propri\u00e9t\u00e9 intellectuelle L&rsquo;ensemble du contenu [&hellip;]<\/p>\n","protected":false},"author":1,"featured_media":0,"parent":0,"menu_order":0,"comment_status":"closed","ping_status":"closed","template":"elementor_header_footer","meta":{"_et_pb_use_builder":"off","_et_pb_old_content":"","_et_gb_content_width":"","_monsterinsights_skip_tracking":false,"_monsterinsights_sitenote_active":false,"_monsterinsights_sitenote_note":"","_monsterinsights_sitenote_category":0,"_uf_show_specific_survey":0,"_uf_disable_surveys":false,"footnotes":""},"class_list":["post-923","page","type-page","status-publish","hentry"],"jetpack_sharing_enabled":true,"_links":{"self":[{"href":"https:\/\/nolyshop.ch\/it\/wp-json\/wp\/v2\/pages\/923","targetHints":{"allow":["GET"]}}],"collection":[{"href":"https:\/\/nolyshop.ch\/it\/wp-json\/wp\/v2\/pages"}],"about":[{"href":"https:\/\/nolyshop.ch\/it\/wp-json\/wp\/v2\/types\/page"}],"author":[{"embeddable":true,"href":"https:\/\/nolyshop.ch\/it\/wp-json\/wp\/v2\/users\/1"}],"replies":[{"embeddable":true,"href":"https:\/\/nolyshop.ch\/it\/wp-json\/wp\/v2\/comments?post=923"}],"version-history":[{"count":4,"href":"https:\/\/nolyshop.ch\/it\/wp-json\/wp\/v2\/pages\/923\/revisions"}],"predecessor-version":[{"id":972,"href":"https:\/\/nolyshop.ch\/it\/wp-json\/wp\/v2\/pages\/923\/revisions\/972"}],"wp:attachment":[{"href":"https:\/\/nolyshop.ch\/it\/wp-json\/wp\/v2\/media?parent=923"}],"curies":[{"name":"wp","href":"https:\/\/api.w.org\/{rel}","templated":true}]}}