{"id":1042,"date":"2026-02-13T13:17:02","date_gmt":"2026-02-13T13:17:02","guid":{"rendered":"https:\/\/nolyshop.ch\/?post_type=product&#038;p=1042"},"modified":"2026-03-20T16:24:37","modified_gmt":"2026-03-20T16:24:37","slug":"scatola-premium-vedova-bianca","status":"publish","type":"product","link":"https:\/\/nolyshop.ch\/it\/produit\/box-premium-white-widow\/","title":{"rendered":"Scatola Premium White Widow 5G"},"content":{"rendered":"<section class=\"noly-product\">\n<div class=\"noly-intro\">\n<h2>Box Premium - White Widow 5G (Big Bud Premium)<\/h2>\n<p>La <strong>Vedova Bianca<\/strong> \u00e8 una delle variet\u00e0 iconiche: un grande classico, immediatamente riconoscibile.<br \/>\nIn questo <strong>Scatola Premium 5 grammi<\/strong>, abbiamo selezionato un calibro<br \/>\n<strong>Big Bud Premium<\/strong> per un effetto pi\u00f9 generoso, pi\u00f9 estetico e chiaramente pi\u00f9 \u201cwow\u201d all'apertura.<\/p>\n<p>Tutti venduti con un <strong>Scatola stampata in 3D<\/strong> (firma Nolyshop)<br \/>\ne un <strong>vaso di vetro<\/strong> dotato di un <strong>tappo in bamb\u00f9<\/strong> :<br \/>\npuliti, di qualit\u00e0 superiore e ideali per una conservazione quotidiana ottimale.<\/p>\n<\/div>\n<hr \/>\n<div class=\"noly-aspect\">\n<h3>Aspetto<\/h3>\n<p>Il calibro <strong>Big Bud Premium<\/strong> si distingue per le sue grandi teste,<br \/>\ncompatta e di grande impatto visivo. Una selezione omogenea,<br \/>\nprogettato per una presentazione al top della gamma non appena si apre la scatola.<\/p>\n<\/div>\n<hr \/>\n<div class=\"noly-aroma\">\n<h3>Profilo aromatico<\/h3>\n<p>White Widow sta sviluppando un <strong>Profilo equilibrato e leggermente legnoso<\/strong>,<br \/>\ncon le fresche note erbacee caratteristiche di questa variet\u00e0 iconica.<\/p>\n<p>Un'identit\u00e0 naturale, fedele al suo DNA,<br \/>\nsenza additivi artificiali.<\/p>\n<\/div>\n<hr \/>\n<div class=\"noly-highlights\">\n<h3>Perch\u00e9 vi piacer\u00e0<\/h3>\n<ul>\n<li><strong>Variet\u00e0 :<\/strong> La vedova bianca (classico senza tempo)<\/li>\n<li><strong>Peso :<\/strong> 5 grammi<\/li>\n<li><strong>Calibro :<\/strong> Big Bud Premium<\/li>\n<li><strong>Imballaggio :<\/strong> Scatola stampata in 3D + vaso di vetro + tappo di bamb\u00f9<\/li>\n<li><strong>ADN Nolyshop :<\/strong> trasparenza, tracciabilit\u00e0, selezione della qualit\u00e0<\/li>\n<\/ul>\n<\/div>\n<hr \/>\n<div class=\"noly-specs\">\n<h3>Caratteristiche<\/h3>\n<div class=\"noly-table-wrap\">\n<table class=\"noly-table\" role=\"table\" aria-label=\"Caratteristiche del prodotto\">\n<tbody>\n<tr>\n<th>Nome<\/th>\n<td>Scatola Premium White Widow 5G<\/td>\n<\/tr>\n<tr>\n<th>Variet\u00e0<\/th>\n<td>Vedova Bianca<\/td>\n<\/tr>\n<tr>\n<th>Peso netto<\/th>\n<td>5 grammi<\/td>\n<\/tr>\n<tr>\n<th>Calibro<\/th>\n<td>Big Bud Premium<\/td>\n<\/tr>\n<tr>\n<th>Contenuto<\/th>\n<td>Scatola stampata in 3D + vaso di vetro + tappo di bamb\u00f9<\/td>\n<\/tr>\n<tr>\n<th>Origine<\/th>\n<td>Svizzera<\/td>\n<\/tr>\n<tr>\n<th>Qualit\u00e0<\/th>\n<td>Selezione di Nolyshop (tracciabilit\u00e0 e controllo qualit\u00e0)<\/td>\n<\/tr>\n<\/tbody>\n<\/table>\n<\/div>\n<\/div>\n<hr \/>\n<div class=\"noly-story\">\n<h3>White Widow 5G: una versione premium di solido valore<\/h3>\n<p>Se si desidera una variet\u00e0 \u201csicura\u201d, il modello <strong>Vedova Bianca<\/strong> spuntare tutte le caselle:<br \/>\nprofilo stabile, forte identit\u00e0 e solida reputazione.<\/p>\n<p>Il formato <strong>5G<\/strong> offre il perfetto equilibrio tra scoperta e piacere prolungato,<br \/>\ncon una presentazione che faccia davvero la differenza.<\/p>\n<\/div>\n<hr \/>\n<div class=\"noly-pack\">\n<h3>Scatola + vaso di bamb\u00f9: l'esperienza completa<\/h3>\n<p>La <strong>Scatola stampata in 3D<\/strong> fornisce una firma visiva distintiva,<br \/>\ne il <strong>vaso in vetro con tappo in bamb\u00f9<\/strong> limita l'esposizione all'aria<br \/>\ne le variazioni di umidit\u00e0.<\/p>\n<p>Un insieme progettato per durare, conservare e valorizzare.<\/p>\n<\/div>\n<hr \/>\n<div class=\"noly-usage\">\n<h3>Suggerimenti per la conservazione<\/h3>\n<ul>\n<li>Conservare in un luogo fresco <strong>sec<\/strong>, al riparo dalla <strong>luce<\/strong> e <strong>calore<\/strong>.<\/li>\n<li>Chiudere accuratamente il barattolo dopo ogni utilizzo.<\/li>\n<li>Evitare le variazioni di temperatura per preservare l'aspetto e il sapore.<\/li>\n<\/ul>\n<\/div>\n<div class=\"noly-precautions\">\n<h3>Informazioni e precauzioni<\/h3>\n<ul>\n<li>Solo per adulti.<\/li>\n<li>Tenere fuori dalla portata dei bambini.<\/li>\n<li>Conforme alle normative vigenti (a seconda del Paese di destinazione).<\/li>\n<\/ul>\n<\/div>\n<hr \/>\n<div class=\"noly-geo\">\n<h3>Nolyshop - CBD Svizzera, selezione premium<\/h3>\n<p>Nolyshop si concentra su <strong>trasparenza<\/strong>, il <strong>tracciabilit\u00e0<\/strong><br \/>\ne un'esperienza premium: prodotti accuratamente selezionati<br \/>\ne una presentazione destinata a durare nel tempo.<\/p>\n<\/div>\n<\/section>\n<hr \/>\n<div class=\"noly-faq\">\n<h3>FAQ - Box Premium White Widow 5G (Big Bud)<\/h3>\n<div class=\"noly-faq-item\">\n<h4>Qual \u00e8 il peso esatto?<\/h4>\n<p>Questa confezione contiene esattamente <strong>5 grammi<\/strong> di White Widow Big Bud Premium.<\/p>\n<\/div>\n<div class=\"noly-faq-item\">\n<h4>Che cosa significa Big Bud Premium?<\/h4>\n<p>Big Bud Premium \u00e8 un calibro pi\u00f9 grande con teste pi\u00f9 grandi<br \/>\ne una selezione visiva pi\u00f9 qualitativa.<\/p>\n<\/div>\n<div class=\"noly-faq-item\">\n<h4>La Premium Box \u00e8 inclusa?<\/h4>\n<p>S\u00ec, l'offerta comprende la scatola stampata in 3D e un barattolo di vetro.<br \/>\ncon un tappo di bamb\u00f9.<\/p>\n<\/div>\n<div class=\"noly-faq-item\">\n<h4>Questo prodotto \u00e8 legale in Svizzera?<\/h4>\n<p>I nostri prodotti sono selezionati per essere conformi alle normative vigenti.<br \/>\nCi impegniamo a garantire trasparenza e conformit\u00e0.<\/p>\n<\/div>\n<div class=\"noly-faq-item\">\n<h4>A chi \u00e8 destinata questa Premium Box?<\/h4>\n<p>Si rivolge agli adulti in cerca di un'esperienza raffinata,<br \/>\ncon una presentazione di alto livello e una variet\u00e0 iconica.<\/p>\n<\/div>\n<\/div>","protected":false},"excerpt":{"rendered":"<p>Box Premium \u2014 White Widow 5G (Big Bud Premium) La White Widow fait partie des vari\u00e9t\u00e9s iconiques : un grand classique, reconnaissable entre mille. Dans cette Box Premium 5 grammes, nous avons s\u00e9lectionn\u00e9 un calibre Big Bud Premium pour un rendu plus g\u00e9n\u00e9reux, plus esth\u00e9tique, et clairement plus \u201cwaouh\u201d \u00e0 l\u2019ouverture. Le tout est vendu [&hellip;]<\/p>\n","protected":false},"featured_media":1273,"comment_status":"open","ping_status":"closed","template":"","meta":{"_et_pb_use_builder":"","_et_pb_old_content":"","_et_gb_content_width":"","_monsterinsights_skip_tracking":false,"_monsterinsights_sitenote_active":false,"_monsterinsights_sitenote_note":"","_monsterinsights_sitenote_category":0,"_uf_show_specific_survey":0,"_uf_disable_surveys":false},"product_brand":[],"product_cat":[31,28],"product_tag":[],"class_list":{"0":"post-1042","1":"product","2":"type-product","3":"status-publish","4":"has-post-thumbnail","6":"product_cat-big-bud-premium","7":"product_cat-fleurs-cbd-suisse","9":"first","10":"instock","11":"taxable","12":"shipping-taxable","13":"purchasable","14":"product-type-simple"},"jetpack_sharing_enabled":true,"_links":{"self":[{"href":"https:\/\/nolyshop.ch\/it\/wp-json\/wp\/v2\/product\/1042","targetHints":{"allow":["GET"]}}],"collection":[{"href":"https:\/\/nolyshop.ch\/it\/wp-json\/wp\/v2\/product"}],"about":[{"href":"https:\/\/nolyshop.ch\/it\/wp-json\/wp\/v2\/types\/product"}],"replies":[{"embeddable":true,"href":"https:\/\/nolyshop.ch\/it\/wp-json\/wp\/v2\/comments?post=1042"}],"wp:featuredmedia":[{"embeddable":true,"href":"https:\/\/nolyshop.ch\/it\/wp-json\/wp\/v2\/media\/1273"}],"wp:attachment":[{"href":"https:\/\/nolyshop.ch\/it\/wp-json\/wp\/v2\/media?parent=1042"}],"wp:term":[{"taxonomy":"product_brand","embeddable":true,"href":"https:\/\/nolyshop.ch\/it\/wp-json\/wp\/v2\/product_brand?post=1042"},{"taxonomy":"product_cat","embeddable":true,"href":"https:\/\/nolyshop.ch\/it\/wp-json\/wp\/v2\/product_cat?post=1042"},{"taxonomy":"product_tag","embeddable":true,"href":"https:\/\/nolyshop.ch\/it\/wp-json\/wp\/v2\/product_tag?post=1042"}],"curies":[{"name":"wp","href":"https:\/\/api.w.org\/{rel}","templated":true}]}}