{"id":1051,"date":"2026-02-13T14:34:25","date_gmt":"2026-02-13T14:34:25","guid":{"rendered":"https:\/\/nolyshop.ch\/?post_type=product&#038;p=1051"},"modified":"2026-03-20T16:46:34","modified_gmt":"2026-03-20T16:46:34","slug":"gemma-arancione-20g-gemma-piccola","status":"publish","type":"product","link":"https:\/\/nolyshop.ch\/it\/produit\/orange-bud-20g-small-bud\/","title":{"rendered":"Bocciolo d'arancia 20g Piccolo bocciolo"},"content":{"rendered":"<section class=\"noly-product\">\n<div class=\"noly-intro\">\n<h2>Orange Bud - Small Bud Premium 20g (Indoor)<\/h2>\n<p>La <strong>Germoglio d'arancia<\/strong> \u00e8 una variet\u00e0 rinomata per il suo carattere brillante ed equilibrato.<br \/>\nOfferto qui in <strong>Bud Premium piccolo 20 grammi<\/strong>,<br \/>\nCombina una qualit\u00e0 controllata con un eccellente rapporto qualit\u00e0-prezzo.<\/p>\n<p>\u2714 <strong>100% GRATIS<\/strong><br \/>\n\u2714 <strong>SENZA ADDITIVI<\/strong><br \/>\n\u2714 <strong>SENZA AGGIUNTA DI TERPENI<\/strong><br \/>\n\u2714 <strong>Prodotti vegetali senza tabacco<\/strong><\/p>\n<p>Incluso in ogni borsa: <strong>1x Controllo di umidit\u00e0 58%<\/strong><br \/>\nper preservare la freschezza e la stabilit\u00e0.<\/p>\n<\/div>\n<hr \/>\n<div class=\"noly-aspect\">\n<h3>Aspetto<\/h3>\n<p>Le teste <strong>Gemma piccola Premium<\/strong> hanno una struttura compatta,<br \/>\ndenso e uniforme. Una manicure ben curata conferisce un aspetto pulito e uniforme,<br \/>\nfedele a una rigorosa selezione degli interni.<\/p>\n<\/div>\n<hr \/>\n<div class=\"noly-aroma\">\n<h3>Profilo aromatico<\/h3>\n<p>Il bocciolo d'arancia si sviluppa <strong>note fresche e leggermente fruttate<\/strong>,<br \/>\ncon una sottile firma vegetale naturale.<\/p>\n<p>Un'identit\u00e0 autentica, senza aggiunta di terpeni artificiali,<br \/>\nrispettando il profilo originale della variet\u00e0.<\/p>\n<\/div>\n<hr \/>\n<div class=\"noly-highlights\">\n<h3>Caratteristiche principali<\/h3>\n<ul>\n<li><strong>Variet\u00e0 :<\/strong> Germoglio d'arancia<\/li>\n<li><strong>Peso :<\/strong> 20 grammi<\/li>\n<li><strong>Calibro :<\/strong> Gemma piccola Premium<\/li>\n<li><strong>Cultura :<\/strong> Interno<\/li>\n<li><strong>Include :<\/strong> 1x Controllo di umidit\u00e0 58%<\/li>\n<li><strong>Formula :<\/strong> 100% FREE - Senza additivi - Senza terpeni aggiunti<\/li>\n<li><strong>Base :<\/strong> Prodotti vegetali senza tabacco<\/li>\n<\/ul>\n<\/div>\n<hr \/>\n<div class=\"noly-specs\">\n<h3>Dettagli tecnici<\/h3>\n<div class=\"noly-table-wrap\">\n<table class=\"noly-table\">\n<tbody>\n<tr>\n<th>Nome del prodotto<\/th>\n<td>Bud arancione Small Bud Premium 20g<\/td>\n<\/tr>\n<tr>\n<th>Peso netto<\/th>\n<td>20 grammi<\/td>\n<\/tr>\n<tr>\n<th>Prezzi<\/th>\n<td>CHF 45.00<\/td>\n<\/tr>\n<tr>\n<th>Calibro<\/th>\n<td>Gemma piccola Premium<\/td>\n<\/tr>\n<tr>\n<th>La cultura<\/th>\n<td>Interno<\/td>\n<\/tr>\n<tr>\n<th>Controllo dell'umidit\u00e0<\/th>\n<td>58% incluso (1x)<\/td>\n<\/tr>\n<tr>\n<th>Formula<\/th>\n<td>100% FREE - Senza additivi - Senza terpeni aggiunti<\/td>\n<\/tr>\n<tr>\n<th>Origine<\/th>\n<td>Svizzera<\/td>\n<\/tr>\n<\/tbody>\n<\/table>\n<\/div>\n<\/div>\n<hr \/>\n<div class=\"noly-story\">\n<h3>Un formato progettato per durare nel tempo<\/h3>\n<p>Il formato <strong>20g<\/strong> \u00e8 ideale per un uso regolare<br \/>\noffrendo al contempo un eccellente rapporto qualit\u00e0-prezzo.<\/p>\n<p>La cultura <strong>Interno<\/strong> garantisce la stabilit\u00e0,<br \/>\ncontrollo preciso e costante su ogni lotto.<\/p>\n<\/div>\n<hr \/>\n<div class=\"noly-pack\">\n<h3>Conservare l'erba<\/h3>\n<p>Il regolatore di umidit\u00e0 <strong>58%<\/strong> incluso<br \/>\nmantiene i livelli ottimali per preservare la freschezza,<br \/>\nla consistenza e le caratteristiche naturali del prodotto.<\/p>\n<\/div>\n<hr \/>\n<div class=\"noly-warning\">\n<h3>Informazioni importanti<\/h3>\n<p>Rauchen \u00e8 t\u00f6dlich.<br \/>\nIl fumo uccide.<br \/>\nIl fumo uccide.<\/p>\n<\/div>\n<hr \/>\n<div class=\"noly-faq\">\n<h3>FAQ - Orange Bud Small Bud Premium 20g<\/h3>\n<div class=\"noly-faq-item\">\n<h4>Qual \u00e8 il peso esatto?<\/h4>\n<p>Questo prodotto contiene esattamente <strong>20 grammi<\/strong>.<\/p>\n<\/div>\n<div class=\"noly-faq-item\">\n<h4>Il prodotto contiene additivi?<\/h4>\n<p>No. I nostri prodotti sono <strong>100% GRATIS<\/strong>,<br \/>\nNessun additivo o terpeni artificiali aggiunti.<\/p>\n<\/div>\n<div class=\"noly-faq-item\">\n<h4>Perch\u00e9 un controllo dell'umidit\u00e0 58%?<\/h4>\n<p>Contribuisce a stabilizzare l'umidit\u00e0 in modo da preservare la freschezza.<br \/>\ne qualit\u00e0 naturale.<\/p>\n<\/div>\n<div class=\"noly-faq-item\">\n<h4>Cosa significa Small Bud Premium?<\/h4>\n<p>Si tratta di teste pi\u00f9 piccole ma accuratamente selezionate,<br \/>\ngarantendo uniformit\u00e0 e coerenza.<\/p>\n<\/div>\n<div class=\"noly-faq-item\">\n<h4>\u00c8 legale in Svizzera?<\/h4>\n<p>I nostri prodotti sono conformi alle attuali normative svizzere.<\/p>\n<\/div>\n<\/div>\n<\/section>","protected":false},"excerpt":{"rendered":"<p>Orange Bud \u2014 Small Bud Premium 20g (Indoor) La Orange Bud est une vari\u00e9t\u00e9 reconnue pour son caract\u00e8re lumineux et \u00e9quilibr\u00e9. Propos\u00e9e ici en Small Bud Premium 20 grammes, elle combine qualit\u00e9 ma\u00eetris\u00e9e et excellent rapport quantit\u00e9\/prix. \u2714 100% FREE \u2714 SANS ADDITIF \u2714 SANS TERP\u00c8NE AJOUT\u00c9 \u2714 Produits \u00e0 base de plantes, sans tabac [&hellip;]<\/p>\n","protected":false},"featured_media":1281,"comment_status":"open","ping_status":"closed","template":"","meta":{"_et_pb_use_builder":"","_et_pb_old_content":"","_et_gb_content_width":"","_monsterinsights_skip_tracking":false,"_monsterinsights_sitenote_active":false,"_monsterinsights_sitenote_note":"","_monsterinsights_sitenote_category":0,"_uf_show_specific_survey":0,"_uf_disable_surveys":false},"product_brand":[],"product_cat":[28,29],"product_tag":[],"class_list":{"0":"post-1051","1":"product","2":"type-product","3":"status-publish","4":"has-post-thumbnail","6":"product_cat-fleurs-cbd-suisse","7":"product_cat-small-bud-cbd","9":"first","10":"instock","11":"taxable","12":"shipping-taxable","13":"purchasable","14":"product-type-simple"},"jetpack_sharing_enabled":true,"_links":{"self":[{"href":"https:\/\/nolyshop.ch\/it\/wp-json\/wp\/v2\/product\/1051","targetHints":{"allow":["GET"]}}],"collection":[{"href":"https:\/\/nolyshop.ch\/it\/wp-json\/wp\/v2\/product"}],"about":[{"href":"https:\/\/nolyshop.ch\/it\/wp-json\/wp\/v2\/types\/product"}],"replies":[{"embeddable":true,"href":"https:\/\/nolyshop.ch\/it\/wp-json\/wp\/v2\/comments?post=1051"}],"wp:featuredmedia":[{"embeddable":true,"href":"https:\/\/nolyshop.ch\/it\/wp-json\/wp\/v2\/media\/1281"}],"wp:attachment":[{"href":"https:\/\/nolyshop.ch\/it\/wp-json\/wp\/v2\/media?parent=1051"}],"wp:term":[{"taxonomy":"product_brand","embeddable":true,"href":"https:\/\/nolyshop.ch\/it\/wp-json\/wp\/v2\/product_brand?post=1051"},{"taxonomy":"product_cat","embeddable":true,"href":"https:\/\/nolyshop.ch\/it\/wp-json\/wp\/v2\/product_cat?post=1051"},{"taxonomy":"product_tag","embeddable":true,"href":"https:\/\/nolyshop.ch\/it\/wp-json\/wp\/v2\/product_tag?post=1051"}],"curies":[{"name":"wp","href":"https:\/\/api.w.org\/{rel}","templated":true}]}}